{"id":2,"date":"2025-06-20T17:29:35","date_gmt":"2025-06-20T17:29:35","guid":{"rendered":"https:\/\/apcontentstudio.pl\/?page_id=2"},"modified":"2025-07-14T10:59:05","modified_gmt":"2025-07-14T10:59:05","slug":"sample-page","status":"publish","type":"page","link":"https:\/\/apcontentstudio.pl\/","title":{"rendered":"Content Studio"},"content":{"rendered":"\n<h5 class=\"wp-block-heading has-accent-color has-text-color has-link-color wp-elements-fc7ec720329f92585b2c547ecaa7d0eb\">Potrzebujesz tre\u015bci, kt\u00f3re przyci\u0105gaj\u0105 uwag\u0119, sprzedaj\u0105 i buduj\u0105 Tw\u00f3j wizerunek?\ud83c\udfaf <\/h5>\n\n\n\n<p>Cze\u015b\u0107! Nazywam si\u0119 Agata. \ud83d\udc4b Tworz\u0119 tre\u015bci, kt\u00f3re m\u00f3wi\u0105 j\u0119zykiem Twoich klient\u00f3w &#8211; od post\u00f3w w social mediach po opisy produkt\u00f3w i newslettery. Pomagam markom, firmom i tw\u00f3rcom internetowym zbudowa\u0107 siln\u0105, sp\u00f3jn\u0105 komunikacj\u0119, kt\u00f3ra naprawd\u0119 dzia\u0142a.&nbsp;\u2705<\/p>\n\n\n\n<p>\ud83d\udcf0 Gotowe teksty, kt\u00f3re nie wymagaj\u0105 poprawek.&nbsp;<\/p>\n\n\n\n<p>\ud83d\udce9 Sp\u00f3jny wizerunek, kt\u00f3ry zwi\u0119ksza zaufanie.&nbsp;<\/p>\n\n\n\n<p>\ud83d\udcc8 Tre\u015bci dopasowane do Twoich cel\u00f3w &#8211; sprzeda\u017cy, edukacji, budowania relacji.<\/p>\n\n\n\n<p class=\"has-accent-color has-text-color has-link-color wp-elements-93ad713d717b64070eabc9dbcc67961f\"><strong>&nbsp;Chcesz wiedzie\u0107 kim jestem i jak pracuj\u0119? <\/strong>\ud83d\ude0a\u2b07\ufe0f<\/p>\n\n\n\n<div class=\"wp-block-buttons is-content-justification-center is-layout-flex wp-container-core-buttons-is-layout-16018d1d wp-block-buttons-is-layout-flex\">\n<div class=\"wp-block-button\"><a class=\"wp-block-button__link wp-element-button\" href=\"https:\/\/apcontentstudio.pl\/index.php\/o-mnie\/\">poznaj mnie<\/a><\/div>\n<\/div>\n\n\n\n<figure class=\"wp-block-gallery has-nested-images columns-default is-cropped wp-block-gallery-1 is-layout-flex wp-block-gallery-is-layout-flex\">\n<figure class=\"wp-block-image size-large\"><img loading=\"lazy\" decoding=\"async\" width=\"1024\" height=\"1024\" data-id=\"166\" src=\"https:\/\/apcontentstudio.pl\/wp-content\/uploads\/2025\/07\/profilowe-fb-apcontnetstudio-1024x1024.png\" alt=\"\" class=\"wp-image-166\" srcset=\"https:\/\/apcontentstudio.pl\/wp-content\/uploads\/2025\/07\/profilowe-fb-apcontnetstudio-1024x1024.png 1024w, https:\/\/apcontentstudio.pl\/wp-content\/uploads\/2025\/07\/profilowe-fb-apcontnetstudio-300x300.png 300w, https:\/\/apcontentstudio.pl\/wp-content\/uploads\/2025\/07\/profilowe-fb-apcontnetstudio-150x150.png 150w, https:\/\/apcontentstudio.pl\/wp-content\/uploads\/2025\/07\/profilowe-fb-apcontnetstudio-768x768.png 768w, https:\/\/apcontentstudio.pl\/wp-content\/uploads\/2025\/07\/profilowe-fb-apcontnetstudio-1536x1536.png 1536w, https:\/\/apcontentstudio.pl\/wp-content\/uploads\/2025\/07\/profilowe-fb-apcontnetstudio-2048x2048.png 2048w, https:\/\/apcontentstudio.pl\/wp-content\/uploads\/2025\/07\/profilowe-fb-apcontnetstudio-1200x1200.png 1200w, https:\/\/apcontentstudio.pl\/wp-content\/uploads\/2025\/07\/profilowe-fb-apcontnetstudio-1980x1980.png 1980w\" sizes=\"auto, (max-width: 1024px) 100vw, 1024px\" \/><\/figure>\n<\/figure>\n\n\n\n<p><\/p>\n","protected":false},"excerpt":{"rendered":"<p>Potrzebujesz tre\u015bci, kt\u00f3re przyci\u0105gaj\u0105 uwag\u0119, sprzedaj\u0105 i buduj\u0105 Tw\u00f3j wizerunek?\ud83c\udfaf Cze\u015b\u0107! Nazywam si\u0119 Agata. \ud83d\udc4b Tworz\u0119 tre\u015bci, kt\u00f3re m\u00f3wi\u0105 j\u0119zykiem Twoich klient\u00f3w &#8211; od post\u00f3w w social mediach po opisy produkt\u00f3w i newslettery. Pomagam markom, firmom i tw\u00f3rcom internetowym zbudowa\u0107 siln\u0105, sp\u00f3jn\u0105 komunikacj\u0119, kt\u00f3ra naprawd\u0119 dzia\u0142a.&nbsp;\u2705 \ud83d\udcf0 Gotowe teksty, kt\u00f3re nie wymagaj\u0105 poprawek.&nbsp; \ud83d\udce9 Sp\u00f3jny [&hellip;]<\/p>\n","protected":false},"author":1,"featured_media":0,"parent":0,"menu_order":0,"comment_status":"closed","ping_status":"closed","template":"","meta":{"footnotes":""},"class_list":["post-2","page","type-page","status-publish","hentry"],"yoast_head":"<!-- This site is optimized with the Yoast SEO plugin v25.4 - https:\/\/yoast.com\/wordpress\/plugins\/seo\/ -->\n<title>Content Studio - AP Content Studio<\/title>\n<meta name=\"robots\" content=\"index, follow, max-snippet:-1, max-image-preview:large, max-video-preview:-1\" \/>\n<link rel=\"canonical\" href=\"https:\/\/apcontentstudio.pl\/\" \/>\n<meta property=\"og:locale\" content=\"pl_PL\" \/>\n<meta property=\"og:type\" content=\"article\" \/>\n<meta property=\"og:title\" content=\"Content Studio - AP Content Studio\" \/>\n<meta property=\"og:description\" content=\"Potrzebujesz tre\u015bci, kt\u00f3re przyci\u0105gaj\u0105 uwag\u0119, sprzedaj\u0105 i buduj\u0105 Tw\u00f3j wizerunek?\ud83c\udfaf Cze\u015b\u0107! Nazywam si\u0119 Agata. \ud83d\udc4b Tworz\u0119 tre\u015bci, kt\u00f3re m\u00f3wi\u0105 j\u0119zykiem Twoich klient\u00f3w &#8211; od post\u00f3w w social mediach po opisy produkt\u00f3w i newslettery. Pomagam markom, firmom i tw\u00f3rcom internetowym zbudowa\u0107 siln\u0105, sp\u00f3jn\u0105 komunikacj\u0119, kt\u00f3ra naprawd\u0119 dzia\u0142a.&nbsp;\u2705 \ud83d\udcf0 Gotowe teksty, kt\u00f3re nie wymagaj\u0105 poprawek.&nbsp; \ud83d\udce9 Sp\u00f3jny [&hellip;]\" \/>\n<meta property=\"og:url\" content=\"https:\/\/apcontentstudio.pl\/\" \/>\n<meta property=\"og:site_name\" content=\"AP Content Studio\" \/>\n<meta property=\"article:modified_time\" content=\"2025-07-14T10:59:05+00:00\" \/>\n<meta property=\"og:image\" content=\"https:\/\/apcontentstudio.pl\/wp-content\/uploads\/2025\/07\/profilowe-fb-apcontnetstudio-scaled.png\" \/>\n\t<meta property=\"og:image:width\" content=\"2560\" \/>\n\t<meta property=\"og:image:height\" content=\"2560\" \/>\n\t<meta property=\"og:image:type\" content=\"image\/png\" \/>\n<meta name=\"twitter:card\" content=\"summary_large_image\" \/>\n<meta name=\"twitter:label1\" content=\"Szacowany czas czytania\" \/>\n\t<meta name=\"twitter:data1\" content=\"1 minuta\" \/>\n<script type=\"application\/ld+json\" class=\"yoast-schema-graph\">{\"@context\":\"https:\/\/schema.org\",\"@graph\":[{\"@type\":\"WebPage\",\"@id\":\"https:\/\/apcontentstudio.pl\/\",\"url\":\"https:\/\/apcontentstudio.pl\/\",\"name\":\"Content Studio - AP Content Studio\",\"isPartOf\":{\"@id\":\"https:\/\/apcontentstudio.pl\/#website\"},\"primaryImageOfPage\":{\"@id\":\"https:\/\/apcontentstudio.pl\/#primaryimage\"},\"image\":{\"@id\":\"https:\/\/apcontentstudio.pl\/#primaryimage\"},\"thumbnailUrl\":\"https:\/\/apcontentstudio.pl\/wp-content\/uploads\/2025\/07\/profilowe-fb-apcontnetstudio-1024x1024.png\",\"datePublished\":\"2025-06-20T17:29:35+00:00\",\"dateModified\":\"2025-07-14T10:59:05+00:00\",\"breadcrumb\":{\"@id\":\"https:\/\/apcontentstudio.pl\/#breadcrumb\"},\"inLanguage\":\"pl-PL\",\"potentialAction\":[{\"@type\":\"ReadAction\",\"target\":[\"https:\/\/apcontentstudio.pl\/\"]}]},{\"@type\":\"ImageObject\",\"inLanguage\":\"pl-PL\",\"@id\":\"https:\/\/apcontentstudio.pl\/#primaryimage\",\"url\":\"https:\/\/apcontentstudio.pl\/wp-content\/uploads\/2025\/07\/profilowe-fb-apcontnetstudio-scaled.png\",\"contentUrl\":\"https:\/\/apcontentstudio.pl\/wp-content\/uploads\/2025\/07\/profilowe-fb-apcontnetstudio-scaled.png\",\"width\":2560,\"height\":2560},{\"@type\":\"BreadcrumbList\",\"@id\":\"https:\/\/apcontentstudio.pl\/#breadcrumb\",\"itemListElement\":[{\"@type\":\"ListItem\",\"position\":1,\"name\":\"Strona g\u0142\u00f3wna\",\"item\":\"https:\/\/apcontentstudio.pl\/\"},{\"@type\":\"ListItem\",\"position\":2,\"name\":\"Content Studio\"}]},{\"@type\":\"WebSite\",\"@id\":\"https:\/\/apcontentstudio.pl\/#website\",\"url\":\"https:\/\/apcontentstudio.pl\/\",\"name\":\"AP Content Studio\",\"description\":\"\",\"publisher\":{\"@id\":\"https:\/\/apcontentstudio.pl\/#\/schema\/person\/04326328863ced4205b05511ad1c586f\"},\"potentialAction\":[{\"@type\":\"SearchAction\",\"target\":{\"@type\":\"EntryPoint\",\"urlTemplate\":\"https:\/\/apcontentstudio.pl\/?s={search_term_string}\"},\"query-input\":{\"@type\":\"PropertyValueSpecification\",\"valueRequired\":true,\"valueName\":\"search_term_string\"}}],\"inLanguage\":\"pl-PL\"},{\"@type\":[\"Person\",\"Organization\"],\"@id\":\"https:\/\/apcontentstudio.pl\/#\/schema\/person\/04326328863ced4205b05511ad1c586f\",\"name\":\"admin\",\"image\":{\"@type\":\"ImageObject\",\"inLanguage\":\"pl-PL\",\"@id\":\"https:\/\/apcontentstudio.pl\/#\/schema\/person\/image\/\",\"url\":\"https:\/\/apcontentstudio.pl\/wp-content\/uploads\/2025\/07\/cropped-Kopia-\u2013-Contentstudio.png\",\"contentUrl\":\"https:\/\/apcontentstudio.pl\/wp-content\/uploads\/2025\/07\/cropped-Kopia-\u2013-Contentstudio.png\",\"width\":403,\"height\":220,\"caption\":\"admin\"},\"logo\":{\"@id\":\"https:\/\/apcontentstudio.pl\/#\/schema\/person\/image\/\"},\"sameAs\":[\"https:\/\/apcontentstudio.pl\"]}]}<\/script>\n<!-- \/ Yoast SEO plugin. -->","yoast_head_json":{"title":"Content Studio - AP Content Studio","robots":{"index":"index","follow":"follow","max-snippet":"max-snippet:-1","max-image-preview":"max-image-preview:large","max-video-preview":"max-video-preview:-1"},"canonical":"https:\/\/apcontentstudio.pl\/","og_locale":"pl_PL","og_type":"article","og_title":"Content Studio - AP Content Studio","og_description":"Potrzebujesz tre\u015bci, kt\u00f3re przyci\u0105gaj\u0105 uwag\u0119, sprzedaj\u0105 i buduj\u0105 Tw\u00f3j wizerunek?\ud83c\udfaf Cze\u015b\u0107! Nazywam si\u0119 Agata. \ud83d\udc4b Tworz\u0119 tre\u015bci, kt\u00f3re m\u00f3wi\u0105 j\u0119zykiem Twoich klient\u00f3w &#8211; od post\u00f3w w social mediach po opisy produkt\u00f3w i newslettery. Pomagam markom, firmom i tw\u00f3rcom internetowym zbudowa\u0107 siln\u0105, sp\u00f3jn\u0105 komunikacj\u0119, kt\u00f3ra naprawd\u0119 dzia\u0142a.&nbsp;\u2705 \ud83d\udcf0 Gotowe teksty, kt\u00f3re nie wymagaj\u0105 poprawek.&nbsp; \ud83d\udce9 Sp\u00f3jny [&hellip;]","og_url":"https:\/\/apcontentstudio.pl\/","og_site_name":"AP Content Studio","article_modified_time":"2025-07-14T10:59:05+00:00","og_image":[{"width":2560,"height":2560,"url":"https:\/\/apcontentstudio.pl\/wp-content\/uploads\/2025\/07\/profilowe-fb-apcontnetstudio-scaled.png","type":"image\/png"}],"twitter_card":"summary_large_image","twitter_misc":{"Szacowany czas czytania":"1 minuta"},"schema":{"@context":"https:\/\/schema.org","@graph":[{"@type":"WebPage","@id":"https:\/\/apcontentstudio.pl\/","url":"https:\/\/apcontentstudio.pl\/","name":"Content Studio - AP Content Studio","isPartOf":{"@id":"https:\/\/apcontentstudio.pl\/#website"},"primaryImageOfPage":{"@id":"https:\/\/apcontentstudio.pl\/#primaryimage"},"image":{"@id":"https:\/\/apcontentstudio.pl\/#primaryimage"},"thumbnailUrl":"https:\/\/apcontentstudio.pl\/wp-content\/uploads\/2025\/07\/profilowe-fb-apcontnetstudio-1024x1024.png","datePublished":"2025-06-20T17:29:35+00:00","dateModified":"2025-07-14T10:59:05+00:00","breadcrumb":{"@id":"https:\/\/apcontentstudio.pl\/#breadcrumb"},"inLanguage":"pl-PL","potentialAction":[{"@type":"ReadAction","target":["https:\/\/apcontentstudio.pl\/"]}]},{"@type":"ImageObject","inLanguage":"pl-PL","@id":"https:\/\/apcontentstudio.pl\/#primaryimage","url":"https:\/\/apcontentstudio.pl\/wp-content\/uploads\/2025\/07\/profilowe-fb-apcontnetstudio-scaled.png","contentUrl":"https:\/\/apcontentstudio.pl\/wp-content\/uploads\/2025\/07\/profilowe-fb-apcontnetstudio-scaled.png","width":2560,"height":2560},{"@type":"BreadcrumbList","@id":"https:\/\/apcontentstudio.pl\/#breadcrumb","itemListElement":[{"@type":"ListItem","position":1,"name":"Strona g\u0142\u00f3wna","item":"https:\/\/apcontentstudio.pl\/"},{"@type":"ListItem","position":2,"name":"Content Studio"}]},{"@type":"WebSite","@id":"https:\/\/apcontentstudio.pl\/#website","url":"https:\/\/apcontentstudio.pl\/","name":"AP Content Studio","description":"","publisher":{"@id":"https:\/\/apcontentstudio.pl\/#\/schema\/person\/04326328863ced4205b05511ad1c586f"},"potentialAction":[{"@type":"SearchAction","target":{"@type":"EntryPoint","urlTemplate":"https:\/\/apcontentstudio.pl\/?s={search_term_string}"},"query-input":{"@type":"PropertyValueSpecification","valueRequired":true,"valueName":"search_term_string"}}],"inLanguage":"pl-PL"},{"@type":["Person","Organization"],"@id":"https:\/\/apcontentstudio.pl\/#\/schema\/person\/04326328863ced4205b05511ad1c586f","name":"admin","image":{"@type":"ImageObject","inLanguage":"pl-PL","@id":"https:\/\/apcontentstudio.pl\/#\/schema\/person\/image\/","url":"https:\/\/apcontentstudio.pl\/wp-content\/uploads\/2025\/07\/cropped-Kopia-\u2013-Contentstudio.png","contentUrl":"https:\/\/apcontentstudio.pl\/wp-content\/uploads\/2025\/07\/cropped-Kopia-\u2013-Contentstudio.png","width":403,"height":220,"caption":"admin"},"logo":{"@id":"https:\/\/apcontentstudio.pl\/#\/schema\/person\/image\/"},"sameAs":["https:\/\/apcontentstudio.pl"]}]}},"_links":{"self":[{"href":"https:\/\/apcontentstudio.pl\/index.php\/wp-json\/wp\/v2\/pages\/2","targetHints":{"allow":["GET"]}}],"collection":[{"href":"https:\/\/apcontentstudio.pl\/index.php\/wp-json\/wp\/v2\/pages"}],"about":[{"href":"https:\/\/apcontentstudio.pl\/index.php\/wp-json\/wp\/v2\/types\/page"}],"author":[{"embeddable":true,"href":"https:\/\/apcontentstudio.pl\/index.php\/wp-json\/wp\/v2\/users\/1"}],"replies":[{"embeddable":true,"href":"https:\/\/apcontentstudio.pl\/index.php\/wp-json\/wp\/v2\/comments?post=2"}],"version-history":[{"count":16,"href":"https:\/\/apcontentstudio.pl\/index.php\/wp-json\/wp\/v2\/pages\/2\/revisions"}],"predecessor-version":[{"id":168,"href":"https:\/\/apcontentstudio.pl\/index.php\/wp-json\/wp\/v2\/pages\/2\/revisions\/168"}],"wp:attachment":[{"href":"https:\/\/apcontentstudio.pl\/index.php\/wp-json\/wp\/v2\/media?parent=2"}],"curies":[{"name":"wp","href":"https:\/\/api.w.org\/{rel}","templated":true}]}}