{"id":52,"date":"2025-06-24T14:14:18","date_gmt":"2025-06-24T14:14:18","guid":{"rendered":"https:\/\/apcontentstudio.pl\/?page_id=52"},"modified":"2025-06-27T15:45:45","modified_gmt":"2025-06-27T15:45:45","slug":"oferta","status":"publish","type":"page","link":"https:\/\/apcontentstudio.pl\/index.php\/oferta\/","title":{"rendered":"Oferta"},"content":{"rendered":"\n<h2 class=\"wp-block-heading alignwide has-text-align-center has-accent-color has-text-color has-link-color wp-elements-1d6bf333d19d70e521b9112c48cbd0a7\"><strong>Us\u0142ugi marketingowe<\/strong><\/h2>\n\n\n\n<h4 class=\"wp-block-heading has-text-align-center has-larger-font-size\">Copywriting &amp; Social Media<\/h4>\n\n\n\n<p><\/p>\n\n\n\n<h4 class=\"wp-block-heading has-accent-color has-text-color has-link-color wp-elements-23836dcf66341f58c4461ab02d95ae81\"><strong><u>Copywriting:<\/u><\/strong><\/h4>\n\n\n\n<ul class=\"wp-block-list\">\n<li>\u270d\ufe0f<strong>Opisy produkt\u00f3w do sklep\u00f3w internetowych:<\/strong><\/li>\n<\/ul>\n\n\n\n<p>Unikalne, zoptymalizowane pod SEO opisy, kt\u00f3re zwi\u0119kszaj\u0105 widoczno\u015b\u0107 w wyszukiwarce i skutecznie zach\u0119caj\u0105 do zakupu.<\/p>\n\n\n\n<p>&#8211; Kr\u00f3tki opis (do 200 s\u0142\u00f3w)<\/p>\n\n\n\n<p>&#8211; D\u0142ugi opis (300 &#8211; 500+ s\u0142\u00f3w)<\/p>\n\n\n\n<ul class=\"wp-block-list\">\n<li>\ud83c\udf10<strong> Teksty na strony WWW:<\/strong><\/li>\n<\/ul>\n\n\n\n<p>Tre\u015bci, kt\u00f3re buduj\u0105 Tw\u00f3j wizerunek i konwersj\u0119 &#8211; dopasowane do j\u0119zyka Twoich klient\u00f3w.<\/p>\n\n\n\n<p>&#8211; Strona g\u0142\u00f3wna<\/p>\n\n\n\n<p>&#8211; Zak\u0142adka \u201eO mnie\u201d<\/p>\n\n\n\n<p>&#8211; Zak\u0142adka \u201eOferta\u201d<\/p>\n\n\n\n<ul class=\"wp-block-list\">\n<li>\ud83d\udcf0<strong> Artyku\u0142y blogowe:<\/strong><\/li>\n<\/ul>\n\n\n\n<p>Merytoryczne, anga\u017cuj\u0105ce wpisy wspieraj\u0105ce SEO i buduj\u0105ce ekspercki wizerunek Twojej marki.<\/p>\n\n\n\n<p>&#8211; Artyku\u0142 (do 1500 znak\u00f3w ze spacjami)<\/p>\n\n\n\n<p><em>(Na \u017cyczenie d\u0142u\u017csze formaty \u2013 ustalane indywidualnie)<\/em><\/p>\n\n\n\n<ul class=\"wp-block-list\">\n<li><strong>\ud83d\udc8c<\/strong><strong> Newslettery:<\/strong><\/li>\n<\/ul>\n\n\n\n<p>Buduj\u0105 trwa\u0142e relacj\u0119 z odbiorcami i wspieraj\u0105 sprzeda\u017c dzi\u0119ki regularnej i przemy\u015blanej komunikacji.<\/p>\n\n\n\n<p>&#8211; Tre\u015b\u0107 wiadomo\u015bci e-mail + uk\u0142ad gotowy do wklejenia w systemie mailingowym (np. MailerLite, Mailchimp)<\/p>\n\n\n\n<p>\ud83d\uded2 Efekt? Newslettery, kt\u00f3re nie trafiaj\u0105 do spamu, ale do serc i koszyk\u00f3w klient\u00f3w.<\/p>\n\n\n\n<p><strong>____________________________<\/strong><\/p>\n\n\n\n<h4 class=\"wp-block-heading has-accent-color has-text-color has-link-color wp-elements-49e256014f1af0e6d4f113ace030edeb\"><u>Social Media &#8211; content &amp; grafiki:<\/u><\/h4>\n\n\n\n<ul class=\"wp-block-list\">\n<li>\ud83d\udcf1<strong> Posty na Facebooka \/ Instagram \/ LinkedIn:<\/strong><\/li>\n<\/ul>\n\n\n\n<p>Dopasowane do Twojej grupy docelowej &#8211; edukacyjne, sprzeda\u017cowe, lifestyle\u2019owe, oparte na storytellingu.<\/p>\n\n\n\n<p>&#8211; 1 post = tre\u015b\u0107 + hashtagi<\/p>\n\n\n\n<ul class=\"wp-block-list\">\n<li>\ud83c\udfa8<strong> Grafiki:<\/strong><\/li>\n<\/ul>\n\n\n\n<p>Estetyczne grafiki, zgodne z identyfikacj\u0105 wizualn\u0105 Twojej marki. Gotowe do publikacji bez dodatkowej obr\u00f3bki.<\/p>\n\n\n\n<p>&#8211; 1 grafika = gotowa do publikacji<\/p>\n\n\n\n<p><strong>\u2022&nbsp;&nbsp;&nbsp; <\/strong><strong>\ud83d\udcc3<\/strong><strong> Gazetki promocyjne i informacyjne:<\/strong><\/p>\n\n\n\n<p>Skuteczna forma komunikacji, szczeg\u00f3lnie dla punkt\u00f3w stacjonarnych, lokalnych marek i instytucji.<\/p>\n\n\n\n<p>&#8211; Tre\u015b\u0107 + projekt graficzny (PDF do druku lub udost\u0119pnienia online)<\/p>\n\n\n\n<p>____________________________<\/p>\n\n\n\n<h4 class=\"wp-block-heading has-accent-color has-text-color has-link-color wp-elements-ec4f728c75d44afd9b9a21e9eff4c38d\">\ud83d\udce9 Masz pytania?<\/h4>\n\n\n\n<p>Napisz do mnie \u2013 odpowiem, doradz\u0119 i przygotuj\u0119 ofert\u0119 dopasowan\u0105 do Twoich potrzeb.<\/p>\n\n\n\n<p>\ud83d\udce7 <a href=\"mailto:kontakt@apcontentstudio.pl\">kontakt@apcontentstudio.pl<\/a><\/p>\n\n\n\n<p><\/p>\n","protected":false},"excerpt":{"rendered":"<p>Us\u0142ugi marketingowe Copywriting &amp; Social Media Copywriting: Unikalne, zoptymalizowane pod SEO opisy, kt\u00f3re zwi\u0119kszaj\u0105 widoczno\u015b\u0107 w wyszukiwarce i skutecznie zach\u0119caj\u0105 do zakupu. &#8211; Kr\u00f3tki opis (do 200 s\u0142\u00f3w) &#8211; D\u0142ugi opis (300 &#8211; 500+ s\u0142\u00f3w) Tre\u015bci, kt\u00f3re buduj\u0105 Tw\u00f3j wizerunek i konwersj\u0119 &#8211; dopasowane do j\u0119zyka Twoich klient\u00f3w. &#8211; Strona g\u0142\u00f3wna &#8211; Zak\u0142adka \u201eO mnie\u201d [&hellip;]<\/p>\n","protected":false},"author":1,"featured_media":0,"parent":0,"menu_order":0,"comment_status":"closed","ping_status":"closed","template":"","meta":{"footnotes":""},"class_list":["post-52","page","type-page","status-publish","hentry"],"yoast_head":"<!-- This site is optimized with the Yoast SEO plugin v25.4 - https:\/\/yoast.com\/wordpress\/plugins\/seo\/ -->\n<title>Oferta - AP Content Studio<\/title>\n<meta name=\"robots\" content=\"index, follow, max-snippet:-1, max-image-preview:large, max-video-preview:-1\" \/>\n<link rel=\"canonical\" href=\"https:\/\/apcontentstudio.pl\/index.php\/oferta\/\" \/>\n<meta property=\"og:locale\" content=\"pl_PL\" \/>\n<meta property=\"og:type\" content=\"article\" \/>\n<meta property=\"og:title\" content=\"Oferta - AP Content Studio\" \/>\n<meta property=\"og:description\" content=\"Us\u0142ugi marketingowe Copywriting &amp; Social Media Copywriting: Unikalne, zoptymalizowane pod SEO opisy, kt\u00f3re zwi\u0119kszaj\u0105 widoczno\u015b\u0107 w wyszukiwarce i skutecznie zach\u0119caj\u0105 do zakupu. &#8211; Kr\u00f3tki opis (do 200 s\u0142\u00f3w) &#8211; D\u0142ugi opis (300 &#8211; 500+ s\u0142\u00f3w) Tre\u015bci, kt\u00f3re buduj\u0105 Tw\u00f3j wizerunek i konwersj\u0119 &#8211; dopasowane do j\u0119zyka Twoich klient\u00f3w. &#8211; Strona g\u0142\u00f3wna &#8211; Zak\u0142adka \u201eO mnie\u201d [&hellip;]\" \/>\n<meta property=\"og:url\" content=\"https:\/\/apcontentstudio.pl\/index.php\/oferta\/\" \/>\n<meta property=\"og:site_name\" content=\"AP Content Studio\" \/>\n<meta property=\"article:modified_time\" content=\"2025-06-27T15:45:45+00:00\" \/>\n<meta name=\"twitter:card\" content=\"summary_large_image\" \/>\n<meta name=\"twitter:label1\" content=\"Szacowany czas czytania\" \/>\n\t<meta name=\"twitter:data1\" content=\"1 minuta\" \/>\n<script type=\"application\/ld+json\" class=\"yoast-schema-graph\">{\"@context\":\"https:\/\/schema.org\",\"@graph\":[{\"@type\":\"WebPage\",\"@id\":\"https:\/\/apcontentstudio.pl\/index.php\/oferta\/\",\"url\":\"https:\/\/apcontentstudio.pl\/index.php\/oferta\/\",\"name\":\"Oferta - AP Content Studio\",\"isPartOf\":{\"@id\":\"https:\/\/apcontentstudio.pl\/#website\"},\"datePublished\":\"2025-06-24T14:14:18+00:00\",\"dateModified\":\"2025-06-27T15:45:45+00:00\",\"breadcrumb\":{\"@id\":\"https:\/\/apcontentstudio.pl\/index.php\/oferta\/#breadcrumb\"},\"inLanguage\":\"pl-PL\",\"potentialAction\":[{\"@type\":\"ReadAction\",\"target\":[\"https:\/\/apcontentstudio.pl\/index.php\/oferta\/\"]}]},{\"@type\":\"BreadcrumbList\",\"@id\":\"https:\/\/apcontentstudio.pl\/index.php\/oferta\/#breadcrumb\",\"itemListElement\":[{\"@type\":\"ListItem\",\"position\":1,\"name\":\"Strona g\u0142\u00f3wna\",\"item\":\"https:\/\/apcontentstudio.pl\/\"},{\"@type\":\"ListItem\",\"position\":2,\"name\":\"Oferta\"}]},{\"@type\":\"WebSite\",\"@id\":\"https:\/\/apcontentstudio.pl\/#website\",\"url\":\"https:\/\/apcontentstudio.pl\/\",\"name\":\"AP Content Studio\",\"description\":\"\",\"publisher\":{\"@id\":\"https:\/\/apcontentstudio.pl\/#\/schema\/person\/04326328863ced4205b05511ad1c586f\"},\"potentialAction\":[{\"@type\":\"SearchAction\",\"target\":{\"@type\":\"EntryPoint\",\"urlTemplate\":\"https:\/\/apcontentstudio.pl\/?s={search_term_string}\"},\"query-input\":{\"@type\":\"PropertyValueSpecification\",\"valueRequired\":true,\"valueName\":\"search_term_string\"}}],\"inLanguage\":\"pl-PL\"},{\"@type\":[\"Person\",\"Organization\"],\"@id\":\"https:\/\/apcontentstudio.pl\/#\/schema\/person\/04326328863ced4205b05511ad1c586f\",\"name\":\"admin\",\"image\":{\"@type\":\"ImageObject\",\"inLanguage\":\"pl-PL\",\"@id\":\"https:\/\/apcontentstudio.pl\/#\/schema\/person\/image\/\",\"url\":\"https:\/\/apcontentstudio.pl\/wp-content\/uploads\/2025\/07\/cropped-Kopia-\u2013-Contentstudio.png\",\"contentUrl\":\"https:\/\/apcontentstudio.pl\/wp-content\/uploads\/2025\/07\/cropped-Kopia-\u2013-Contentstudio.png\",\"width\":403,\"height\":220,\"caption\":\"admin\"},\"logo\":{\"@id\":\"https:\/\/apcontentstudio.pl\/#\/schema\/person\/image\/\"},\"sameAs\":[\"https:\/\/apcontentstudio.pl\"]}]}<\/script>\n<!-- \/ Yoast SEO plugin. -->","yoast_head_json":{"title":"Oferta - AP Content Studio","robots":{"index":"index","follow":"follow","max-snippet":"max-snippet:-1","max-image-preview":"max-image-preview:large","max-video-preview":"max-video-preview:-1"},"canonical":"https:\/\/apcontentstudio.pl\/index.php\/oferta\/","og_locale":"pl_PL","og_type":"article","og_title":"Oferta - AP Content Studio","og_description":"Us\u0142ugi marketingowe Copywriting &amp; Social Media Copywriting: Unikalne, zoptymalizowane pod SEO opisy, kt\u00f3re zwi\u0119kszaj\u0105 widoczno\u015b\u0107 w wyszukiwarce i skutecznie zach\u0119caj\u0105 do zakupu. &#8211; Kr\u00f3tki opis (do 200 s\u0142\u00f3w) &#8211; D\u0142ugi opis (300 &#8211; 500+ s\u0142\u00f3w) Tre\u015bci, kt\u00f3re buduj\u0105 Tw\u00f3j wizerunek i konwersj\u0119 &#8211; dopasowane do j\u0119zyka Twoich klient\u00f3w. &#8211; Strona g\u0142\u00f3wna &#8211; Zak\u0142adka \u201eO mnie\u201d [&hellip;]","og_url":"https:\/\/apcontentstudio.pl\/index.php\/oferta\/","og_site_name":"AP Content Studio","article_modified_time":"2025-06-27T15:45:45+00:00","twitter_card":"summary_large_image","twitter_misc":{"Szacowany czas czytania":"1 minuta"},"schema":{"@context":"https:\/\/schema.org","@graph":[{"@type":"WebPage","@id":"https:\/\/apcontentstudio.pl\/index.php\/oferta\/","url":"https:\/\/apcontentstudio.pl\/index.php\/oferta\/","name":"Oferta - AP Content Studio","isPartOf":{"@id":"https:\/\/apcontentstudio.pl\/#website"},"datePublished":"2025-06-24T14:14:18+00:00","dateModified":"2025-06-27T15:45:45+00:00","breadcrumb":{"@id":"https:\/\/apcontentstudio.pl\/index.php\/oferta\/#breadcrumb"},"inLanguage":"pl-PL","potentialAction":[{"@type":"ReadAction","target":["https:\/\/apcontentstudio.pl\/index.php\/oferta\/"]}]},{"@type":"BreadcrumbList","@id":"https:\/\/apcontentstudio.pl\/index.php\/oferta\/#breadcrumb","itemListElement":[{"@type":"ListItem","position":1,"name":"Strona g\u0142\u00f3wna","item":"https:\/\/apcontentstudio.pl\/"},{"@type":"ListItem","position":2,"name":"Oferta"}]},{"@type":"WebSite","@id":"https:\/\/apcontentstudio.pl\/#website","url":"https:\/\/apcontentstudio.pl\/","name":"AP Content Studio","description":"","publisher":{"@id":"https:\/\/apcontentstudio.pl\/#\/schema\/person\/04326328863ced4205b05511ad1c586f"},"potentialAction":[{"@type":"SearchAction","target":{"@type":"EntryPoint","urlTemplate":"https:\/\/apcontentstudio.pl\/?s={search_term_string}"},"query-input":{"@type":"PropertyValueSpecification","valueRequired":true,"valueName":"search_term_string"}}],"inLanguage":"pl-PL"},{"@type":["Person","Organization"],"@id":"https:\/\/apcontentstudio.pl\/#\/schema\/person\/04326328863ced4205b05511ad1c586f","name":"admin","image":{"@type":"ImageObject","inLanguage":"pl-PL","@id":"https:\/\/apcontentstudio.pl\/#\/schema\/person\/image\/","url":"https:\/\/apcontentstudio.pl\/wp-content\/uploads\/2025\/07\/cropped-Kopia-\u2013-Contentstudio.png","contentUrl":"https:\/\/apcontentstudio.pl\/wp-content\/uploads\/2025\/07\/cropped-Kopia-\u2013-Contentstudio.png","width":403,"height":220,"caption":"admin"},"logo":{"@id":"https:\/\/apcontentstudio.pl\/#\/schema\/person\/image\/"},"sameAs":["https:\/\/apcontentstudio.pl"]}]}},"_links":{"self":[{"href":"https:\/\/apcontentstudio.pl\/index.php\/wp-json\/wp\/v2\/pages\/52","targetHints":{"allow":["GET"]}}],"collection":[{"href":"https:\/\/apcontentstudio.pl\/index.php\/wp-json\/wp\/v2\/pages"}],"about":[{"href":"https:\/\/apcontentstudio.pl\/index.php\/wp-json\/wp\/v2\/types\/page"}],"author":[{"embeddable":true,"href":"https:\/\/apcontentstudio.pl\/index.php\/wp-json\/wp\/v2\/users\/1"}],"replies":[{"embeddable":true,"href":"https:\/\/apcontentstudio.pl\/index.php\/wp-json\/wp\/v2\/comments?post=52"}],"version-history":[{"count":8,"href":"https:\/\/apcontentstudio.pl\/index.php\/wp-json\/wp\/v2\/pages\/52\/revisions"}],"predecessor-version":[{"id":139,"href":"https:\/\/apcontentstudio.pl\/index.php\/wp-json\/wp\/v2\/pages\/52\/revisions\/139"}],"wp:attachment":[{"href":"https:\/\/apcontentstudio.pl\/index.php\/wp-json\/wp\/v2\/media?parent=52"}],"curies":[{"name":"wp","href":"https:\/\/api.w.org\/{rel}","templated":true}]}}